{"id":470,"date":"2024-03-18T04:41:29","date_gmt":"2024-03-18T01:41:29","guid":{"rendered":"https:\/\/new.thesolitaire.com\/blog\/blog-main-page\/"},"modified":"2026-04-02T04:36:22","modified_gmt":"2026-04-02T01:36:22","slug":"blog-main-page","status":"publish","type":"page","link":"https:\/\/thesolitaire.com\/blog\/de\/","title":{"rendered":"Blog Hauptseite"},"content":{"rendered":"    <header class=\"header\">\n  <!-- test -->\n  <div class=\"header__bar\">\n    <a class=\"header__logo\" href=\"https:\/\/thesolitaire.com\/\"\n      ><img\n        decoding=\"async\"\n        src=\"https:\/\/thesolitaire.com\/blog\/wp-content\/uploads\/2024\/03\/logo.svg\"\n        alt=\"main logo\"\n    \/><\/a>\n    <div class=\"header__burger-menu\">\n      <nav class=\"_games\">\n        <a href=\"https:\/\/thesolitaire.com\/\">Solitaire<\/a>\n        <a href=\"https:\/\/thesolitaire.com\/spider-solitaire\">Spider<\/a>\n        <a href=\"https:\/\/thesolitaire.com\/klondike-solitaire\">Klondike<\/a>\n        <a href=\"https:\/\/thesolitaire.com\/freecell\">FreeCell<\/a>\n        <a href=\"https:\/\/thesolitaire.com\/pyramid-solitaire\">Pyramid<\/a>\n        <a href=\"https:\/\/thesolitaire.com\/golf-solitaire\">Golf<\/a>\n        <a href=\"https:\/\/thesolitaire.com\/yukon-solitaire\">Yukon<\/a>\n        <a href=\"https:\/\/thesolitaire.com\/tripeaks-solitaire\">TriPeaks<\/a>\n        <a href=\"https:\/\/thesolitaire.com\/forty-thieves-solitaire\">Forty Thieves<\/a>\n        <a href=\"https:\/\/thesolitaire.com\/all-games\">All Games<\/a>\n      <\/nav>\n      <nav>\n        <a href=\"https:\/\/thesolitaire.com\/blog\/\" class=\"_selected\">Blog<\/a>\n        <a href=\"https:\/\/thesolitaire.com\/about-us\">About Us<\/a>\n        <a href=\"https:\/\/thesolitaire.com\/contact\">Contact<\/a>\n      <\/nav>\n      <div>\n        <button class=\"current__language\">\n          <img\n            decoding=\"async\"\n            src=\"https:\/\/thesolitaire.com\/blog\/wp-content\/uploads\/flags\/en.png\"\n            alt=\"current language\"\n          \/>\n          <span>English<\/span>\n        <\/button>\n      <\/div>\n    <\/div>\n    <div><button class=\"header__burger\"><\/button><\/div>\n  <\/div>\n  <div class=\"header__languages\">\n    <ul class=\"header__languages-list\">\n      <li>\n        <a\n          href=\"https:\/\/thesolitaire.com\/blog\/\"\n        >\n          <img decoding=\"async\"\n            src=\"https:\/\/thesolitaire.com\/blog\/wp-content\/uploads\/flags\/en.png\"\n            alt=\"lang preview\"\n          \/>\n          <span>English<\/span>\n        <\/a>\n      <\/li>\n\n      <li>\n        <a href=\"https:\/\/thesolitaire.com\/blog\/ru\/\">\n          <img decoding=\"async\"\n            src=\"https:\/\/thesolitaire.com\/blog\/wp-content\/uploads\/flags\/ru.png\"\n            alt=\"lang preview\"\n          \/>\n          <span>\u0420\u0443\u0441\u0441\u043a\u0438\u0439<\/span>\n        <\/a>\n      <\/li>\n\n      <li>\n        <a href=\"https:\/\/thesolitaire.com\/blog\/de\/\">\n          <img decoding=\"async\"\n            src=\"https:\/\/thesolitaire.com\/blog\/wp-content\/uploads\/flags\/de.png\"\n            alt=\"lang preview\"\n          \/>\n          <span>Deutsch<\/span>\n        <\/a>\n      <\/li>\n    <\/ul>\n    <div><button class=\"header__languages-close\"><\/button><\/div>\n  <\/div>\n<\/header>\n\n    \n\n<div class=\"wp-block-group alignfull _main-back has-base-2-color has-text-color has-background has-link-color wp-elements-a8bd7e66a895f9d7f134db0dce566c44 has-global-padding is-layout-constrained wp-container-core-group-layout-2 wp-block-group-is-layout-constrained\" style=\"background-color:#134d31;margin-bottom:45px;padding-top:45px;padding-right:10px;padding-bottom:45px;padding-left:10px;background-image:url(&#039;https:\/\/thesolitaire.com\/blog\/wp-content\/uploads\/2024\/07\/Subtract.webp&#039;);background-size:cover;\">\n<h1 class=\"wp-block-heading h1 has-text-color has-link-color has-xx-large-font-size wp-elements-296a1d78722b693ddd395a6084a79e27\" style=\"color:#faebc5;margin-top:35px;margin-bottom:35px\">Was gibt es Neues?<\/h1>\n\n\n\n<div class=\"wp-block-group is-nowrap is-layout-flex wp-container-core-group-layout-1 wp-block-group-is-layout-flex\">\n<p class=\"has-large-font-size\">Willkommen in unserem Blog<\/p>\n\n\n\n<figure class=\"wp-block-image size-full is-resized\"><img loading=\"lazy\" decoding=\"async\" width=\"51\" height=\"51\" src=\"https:\/\/new.thesolitaire.com\/blog\/wp-content\/uploads\/2024\/03\/ghost_1f47b-2.webp\" alt=\"Willkommen in unserem Blog\" class=\"wp-image-501\" style=\"width:40px\"\/><\/figure>\n<\/div>\n\n\n\n<p class=\"has-large-font-size\" style=\"margin-bottom:35px\">Hier gibt es alles Wissenswerte \u00fcber deine Lieblingsspiele!<\/p>\n\n\n\n<div class=\"wpcf7 no-js\" id=\"wpcf7-f473-o1\" lang=\"de-DE\" dir=\"ltr\">\n<div class=\"screen-reader-response\"><p role=\"status\" aria-live=\"polite\" aria-atomic=\"true\"><\/p> <ul><\/ul><\/div>\n<form action=\"\/blog\/de\/wp-json\/wp\/v2\/pages\/470#wpcf7-f473-o1\" method=\"post\" class=\"wpcf7-form init email-form\" aria-label=\"Kontaktformular\" novalidate=\"novalidate\" data-status=\"init\">\n<div style=\"display: none;\">\n<input type=\"hidden\" name=\"_wpcf7\" value=\"473\" \/>\n<input type=\"hidden\" name=\"_wpcf7_version\" value=\"5.9.2\" \/>\n<input type=\"hidden\" name=\"_wpcf7_locale\" value=\"de_DE\" \/>\n<input type=\"hidden\" name=\"_wpcf7_unit_tag\" value=\"wpcf7-f473-o1\" \/>\n<input type=\"hidden\" name=\"_wpcf7_container_post\" value=\"0\" \/>\n<input type=\"hidden\" name=\"_wpcf7_posted_data_hash\" value=\"\" \/>\n<\/div>\n<label for=\"email\">Neue Inhalte abonnieren<\/label>\n<div class=\"email-form__submit-wrapper\"><span class=\"wpcf7-form-control-wrap\" data-name=\"your-email\"><input size=\"40\" class=\"wpcf7-form-control wpcf7-email wpcf7-validates-as-required wpcf7-text wpcf7-validates-as-email\" id=\"email\" aria-required=\"true\" aria-invalid=\"false\" placeholder=\"Email eingeben\" value=\"\" type=\"email\" name=\"your-email\" \/><\/span><input class=\"wpcf7-form-control wpcf7-submit has-spinner\" type=\"submit\" value=\"Subscribe\" \/><\/div><div class=\"wpcf7-response-output\" aria-hidden=\"true\"><\/div>\n<\/form>\n<\/div>\n\n<\/div>\n\n<div class=\"wp-block-group has-global-padding is-layout-constrained wp-container-core-group-layout-3 wp-block-group-is-layout-constrained\" style=\"padding-right:10px;padding-left:10px\"><div class=\"articles-container\">\n<div class=\"article-card\">\n  <div class=\"article-card__top-wrapper\">\n    <div class=\"article-card__top\">\n      <div class=\"article-card__link-wrapper\">\n        <a class=\"article-card__author\" href=\"https:\/\/thesolitaire.com\/blog\/de\/author\/admin\/\">\n                      <img decoding=\"async\" src=\"https:\/\/secure.gravatar.com\/avatar\/fadd34d150816bbcd15a0bb5bc27f774?s=96&#038;d=mm&#038;r=g\" alt=\"admin\">\n                    <span>admin<\/span>\n        <\/a>\n        <span>(Author)<\/span>\n      <\/div>\n      <span class=\"article-card__date\">12.18.2025<\/span>\n    <\/div>\n  <\/div>\n\n  <h3 class=\"article-card__title article-card__title_title_title\">\n    <a href=\"https:\/\/thesolitaire.com\/blog\/de\/game-speed-setting\/\">Neu auf TheSolitaire.com: W\u00e4hle deine Spielgeschwindigkeit<\/a>\n  <\/h3>\n\n    <div>\n    <img decoding=\"async\" class=\"article-card__preview\" src=\"https:\/\/thesolitaire.com\/blog\/wp-content\/uploads\/2025\/12\/1-3-1024x643.jpg\" alt=\"Neu auf TheSolitaire.com: W\u00e4hle deine Spielgeschwindigkeit\">\n  <\/div>\n  \n  <p class=\"article-card__intro\">\n    Wir haben auf euer Feedback geh\u00f6rt und eine neue Einstellung auf TheSolitaire.com hinzugef\u00fcgt, mit der ihr festlegen k\u00f6nnt, wie sich...  <\/p>\n\n  <div>\n    <a href=\"https:\/\/thesolitaire.com\/blog\/de\/game-speed-setting\/\" class=\"article-card__continue\">Continue reading<img decoding=\"async\" src=\"\/blog\/wp-content\/uploads\/2024\/03\/Vector.png\" alt=\"Continue reading\"><\/a>\n  <\/div>\n<\/div>\n\n<div class=\"article-card\">\n  <div class=\"article-card__top-wrapper\">\n    <div class=\"article-card__top\">\n      <div class=\"article-card__link-wrapper\">\n        <a class=\"article-card__author\" href=\"https:\/\/thesolitaire.com\/blog\/de\/author\/mathieu-roy\/\">\n                      <img decoding=\"async\" src=\"https:\/\/thesolitaire.com\/blog\/wp-content\/uploads\/2024\/10\/image1.jpg\" alt=\"Mathieu Roy\">\n                    <span>Mathieu Roy<\/span>\n        <\/a>\n        <span>(Author)<\/span>\n      <\/div>\n      <span class=\"article-card__date\">12.14.2024<\/span>\n    <\/div>\n  <\/div>\n\n  <h3 class=\"article-card__title article-card__title_title_title\">\n    <a href=\"https:\/\/thesolitaire.com\/blog\/de\/online-games-impact-mental-health\/\">Wie sich das Spielen auf das Leben, die Karriere und die psychische Gesundheit erwachsener Gamer auswirkt<\/a>\n  <\/h3>\n\n    <div>\n    <img decoding=\"async\" class=\"article-card__preview\" src=\"https:\/\/thesolitaire.com\/blog\/wp-content\/uploads\/2024\/11\/how-gaming-affects-the-lives-careers-and-mental-health-of-adult-gamers-1024x614.png\" alt=\"Wie sich das Spielen auf das Leben, die Karriere und die psychische Gesundheit erwachsener Gamer auswirkt\">\n  <\/div>\n  \n  <p class=\"article-card__intro\">\n    Das Spielen von Online-Spielen kann Ihnen helfen, ein besserer Erwachsener zu werden. Die Forschung zeigt, dass Spielen das Familienleben, die...  <\/p>\n\n  <div>\n    <a href=\"https:\/\/thesolitaire.com\/blog\/de\/online-games-impact-mental-health\/\" class=\"article-card__continue\">Continue reading<img decoding=\"async\" src=\"\/blog\/wp-content\/uploads\/2024\/03\/Vector.png\" alt=\"Continue reading\"><\/a>\n  <\/div>\n<\/div>\n\n<div class=\"article-card\">\n  <div class=\"article-card__top-wrapper\">\n    <div class=\"article-card__top\">\n      <div class=\"article-card__link-wrapper\">\n        <a class=\"article-card__author\" href=\"https:\/\/thesolitaire.com\/blog\/de\/author\/mathieu-roy\/\">\n                      <img decoding=\"async\" src=\"https:\/\/thesolitaire.com\/blog\/wp-content\/uploads\/2024\/10\/image1.jpg\" alt=\"Mathieu Roy\">\n                    <span>Mathieu Roy<\/span>\n        <\/a>\n        <span>(Author)<\/span>\n      <\/div>\n      <span class=\"article-card__date\">12.12.2024<\/span>\n    <\/div>\n  <\/div>\n\n  <h3 class=\"article-card__title article-card__title_title_title\">\n    <a href=\"https:\/\/thesolitaire.com\/blog\/de\/online-games-impact-sleep\/\">Wie Online-Spiele das Schlafverhalten von College-Studenten beeinflussen (und was man dagegen tun kann)<\/a>\n  <\/h3>\n\n    <div>\n    <img decoding=\"async\" class=\"article-card__preview\" src=\"https:\/\/thesolitaire.com\/blog\/wp-content\/uploads\/2024\/10\/how-online-gaming-affects-sleep-patterns-in-college-students-1024x614.jpg\" alt=\"Wie Online-Spiele das Schlafverhalten von College-Studenten beeinflussen (und was man dagegen tun kann)\">\n  <\/div>\n  \n  <p class=\"article-card__intro\">\n    Das Spielen zu sp\u00e4ter Stunde beeintr\u00e4chtigt den Schlaf der Studenten, was sich negativ auf ihr Wohlbefinden und ihren Notendurchschnitt auswirkt.  <\/p>\n\n  <div>\n    <a href=\"https:\/\/thesolitaire.com\/blog\/de\/online-games-impact-sleep\/\" class=\"article-card__continue\">Continue reading<img decoding=\"async\" src=\"\/blog\/wp-content\/uploads\/2024\/03\/Vector.png\" alt=\"Continue reading\"><\/a>\n  <\/div>\n<\/div>\n\n<div class=\"article-card\">\n  <div class=\"article-card__top-wrapper\">\n    <div class=\"article-card__top\">\n      <div class=\"article-card__link-wrapper\">\n        <a class=\"article-card__author\" href=\"https:\/\/thesolitaire.com\/blog\/de\/author\/mathieu-roy\/\">\n                      <img decoding=\"async\" src=\"https:\/\/thesolitaire.com\/blog\/wp-content\/uploads\/2024\/10\/image1.jpg\" alt=\"Mathieu Roy\">\n                    <span>Mathieu Roy<\/span>\n        <\/a>\n        <span>(Author)<\/span>\n      <\/div>\n      <span class=\"article-card__date\">12.12.2024<\/span>\n    <\/div>\n  <\/div>\n\n  <h3 class=\"article-card__title article-card__title_title_title\">\n    <a href=\"https:\/\/thesolitaire.com\/blog\/de\/study-impact-online-games-on-teens\/\">Die Auswirkungen von Online-Spielen auf die psychische Gesundheit von Teenagern (Studie 2024)<\/a>\n  <\/h3>\n\n    <div>\n    <img decoding=\"async\" class=\"article-card__preview\" src=\"https:\/\/thesolitaire.com\/blog\/wp-content\/uploads\/2024\/10\/the-impact-of-online-gaming-on-the-mental-health-of-teenagers-1024x538.jpg\" alt=\"Die Auswirkungen von Online-Spielen auf die psychische Gesundheit von Teenagern (Studie 2024)\">\n  <\/div>\n  \n  <p class=\"article-card__intro\">\n    Online-Spiele k\u00f6nnen die psychische Gesundheit von Jugendlichen beeintr\u00e4chtigen. Hier sind die Anzeichen und was Eltern dagegen tun k\u00f6nnen.  <\/p>\n\n  <div>\n    <a href=\"https:\/\/thesolitaire.com\/blog\/de\/study-impact-online-games-on-teens\/\" class=\"article-card__continue\">Continue reading<img decoding=\"async\" src=\"\/blog\/wp-content\/uploads\/2024\/03\/Vector.png\" alt=\"Continue reading\"><\/a>\n  <\/div>\n<\/div>\n\n<div class=\"article-card\">\n  <div class=\"article-card__top-wrapper\">\n    <div class=\"article-card__top\">\n      <div class=\"article-card__link-wrapper\">\n        <a class=\"article-card__author\" href=\"https:\/\/thesolitaire.com\/blog\/de\/author\/syed-arham\/\">\n                      <img decoding=\"async\" src=\"https:\/\/thesolitaire.com\/blog\/wp-content\/uploads\/2024\/05\/syed-arham-300x300-1.webp\" alt=\"Syed Arham\">\n                    <span>Syed Arham<\/span>\n        <\/a>\n        <span>(Author)<\/span>\n      <\/div>\n      <span class=\"article-card__date\">12.11.2024<\/span>\n    <\/div>\n  <\/div>\n\n  <h3 class=\"article-card__title article-card__title_title_title\">\n    <a href=\"https:\/\/thesolitaire.com\/blog\/de\/winning-4-suits-spider-solitaire\/\">Die ultimative Herausforderung: Gewinnende Strategien f\u00fcr Spider Solit\u00e4r 4 Farben<\/a>\n  <\/h3>\n\n    <div>\n    <img decoding=\"async\" class=\"article-card__preview\" src=\"https:\/\/thesolitaire.com\/blog\/wp-content\/uploads\/2024\/05\/ultimate-challenge-main-1.webp\" alt=\"Die ultimative Herausforderung: Gewinnende Strategien f\u00fcr Spider Solit\u00e4r 4 Farben\">\n  <\/div>\n  \n  <p class=\"article-card__intro\">\n    4 Farben Spider Solit\u00e4r ist die ber\u00fcchtigtste Variante von Solit\u00e4r. Halten Sie sich mit Expertenstrategien und Tipps auf dem Laufenden,...  <\/p>\n\n  <div>\n    <a href=\"https:\/\/thesolitaire.com\/blog\/de\/winning-4-suits-spider-solitaire\/\" class=\"article-card__continue\">Continue reading<img decoding=\"async\" src=\"\/blog\/wp-content\/uploads\/2024\/03\/Vector.png\" alt=\"Continue reading\"><\/a>\n  <\/div>\n<\/div>\n\n<div class=\"article-card\">\n  <div class=\"article-card__top-wrapper\">\n    <div class=\"article-card__top\">\n      <div class=\"article-card__link-wrapper\">\n        <a class=\"article-card__author\" href=\"https:\/\/thesolitaire.com\/blog\/de\/author\/syed-arham\/\">\n                      <img decoding=\"async\" src=\"https:\/\/thesolitaire.com\/blog\/wp-content\/uploads\/2024\/05\/syed-arham-300x300-1.webp\" alt=\"Syed Arham\">\n                    <span>Syed Arham<\/span>\n        <\/a>\n        <span>(Author)<\/span>\n      <\/div>\n      <span class=\"article-card__date\">12.11.2024<\/span>\n    <\/div>\n  <\/div>\n\n  <h3 class=\"article-card__title article-card__title_title_title\">\n    <a href=\"https:\/\/thesolitaire.com\/blog\/de\/transitioning-to-4-suit-spider-solitaire\/\">Progressiver Solit\u00e4r: \u00dcbergang von Spider Solit\u00e4r mit 1 Farbe zu Spider Solit\u00e4r mit 4 Farben<\/a>\n  <\/h3>\n\n    <div>\n    <img decoding=\"async\" class=\"article-card__preview\" src=\"https:\/\/thesolitaire.com\/blog\/wp-content\/uploads\/2024\/05\/1suit-4suits-transition-.main_.webp\" alt=\"Progressiver Solit\u00e4r: \u00dcbergang von Spider Solit\u00e4r mit 1 Farbe zu Spider Solit\u00e4r mit 4 Farben\">\n  <\/div>\n  \n  <p class=\"article-card__intro\">\n    Lernen Sie die Geheimnisse des Aufstiegs von 1 Farbe auf 4 Farben in Spider Solit\u00e4r. Lernen Sie Strategien, Tipps und...  <\/p>\n\n  <div>\n    <a href=\"https:\/\/thesolitaire.com\/blog\/de\/transitioning-to-4-suit-spider-solitaire\/\" class=\"article-card__continue\">Continue reading<img decoding=\"async\" src=\"\/blog\/wp-content\/uploads\/2024\/03\/Vector.png\" alt=\"Continue reading\"><\/a>\n  <\/div>\n<\/div>\n<\/div><button class=\"loadMore\" data-offset=\"6\" data-authorid=\"0\">Load more<\/button>\n\n\n    <div class=\"asidefixed\">\n        <button class=\"scrollup\" type=\"button\" aria-label=\"Scroll up\">\n            <img decoding=\"async\" src=\"https:\/\/thesolitaire.com\/blog\/wp-content\/uploads\/2024\/03\/Vector-2.png\" alt=\"scroll up\">\n        <\/button>\n    <\/div>\n    \n<\/div>\n    <footer class=\"footer\">\n      <div class=\"footer__inner\">\n        <div class=\"footer__lists\">\n          <div class=\"footer__block\">\n            <p>Our Games<\/p>\n            <ul>\n              <li><a href=\"https:\/\/thesolitaire.com\/\">Solitaire<\/a><\/li>\n              <li><a href=\"https:\/\/thesolitaire.com\/spider-solitaire\">Spider<\/a><\/li>\n              <li><a href=\"https:\/\/thesolitaire.com\/freecell\">FreeCell<\/a><\/li>\n              <li><a href=\"https:\/\/thesolitaire.com\/klondike-solitaire\">Klondike<\/a><\/li>\n              <li><a href=\"https:\/\/thesolitaire.com\/pyramid-solitaire\">Pyramid<\/a><\/li>\n              <li><a href=\"https:\/\/thesolitaire.com\/golf-solitaire\">Golf<\/a><\/li>\n              <li><a href=\"https:\/\/thesolitaire.com\/yukon-solitaire\">Yukon<\/a><\/li>\n              <li><a href=\"https:\/\/thesolitaire.com\/tripeaks-solitaire\">TriPeaks<\/a><\/li>\n              <li><a href=\"https:\/\/thesolitaire.com\/forty-thieves-solitaire\">Forty Thieves<\/a><\/li>\n              <li><a href=\"https:\/\/thesudoku.com\/\" rel=\"nofollow\">Sudoku<\/a><\/li>\n              <li><a href=\"https:\/\/themahjong.com\/\" rel=\"nofollow\">Mahjong<\/a><\/li>\n              <li><a href=\"https:\/\/thejigsawpuzzles.com\/\" rel=\"nofollow\">JigsawPuzzles<\/a><\/li>\n            <\/ul>\n          <\/div>\n\n          <div class=\"_middle\">\n            <div class=\"footer__block\">\n              <p>Terms<\/p>\n              <ul>\n                <li><a href=\"https:\/\/thesolitaire.com\/privacy-policy\">Privacy Policy<\/a><\/li>\n                <li><a href=\"https:\/\/thesolitaire.com\/cookies-policy\">Cookie Policy<\/a><\/li>\n              <\/ul>\n            <\/div>\n\n            <div class=\"footer__block\">\n              <p>Your Support<\/p>\n              <ul>\n                <li>\n                  <a href=\"https:\/\/ko-fi.com\/thesolitaire\/?hidefeed=true&amp;widget=true&amp;embed=true&amp;preview=true\" rel=\"nofollow\">\n                    Donate\n                  <\/a>\n                <\/li>\n              <\/ul>\n            <\/div>\n          <\/div>\n\n          <div class=\"footer__block\">\n            <p>Explore<\/p>\n            <ul>\n              <li><a href=\"https:\/\/thesolitaire.com\/blog\">Blog<\/a><\/li>\n              <li><a href=\"https:\/\/thesolitaire.com\/about-us\">About Us<\/a><\/li>\n              <li><a href=\"https:\/\/thesolitaire.com\/contact\">Contact<\/a><\/li>\n            <\/ul>\n          <\/div>\n        <\/div>\n\n        <p class=\"footer__copy\">\u00a92026 Kraisoft Limited. All rights reserved.<\/p>\n      <\/div>\n    <\/footer>\n    \n","protected":false},"excerpt":{"rendered":"<p>Was gibt es Neues? Willkommen in unserem Blog Hier gibt es alles Wissenswerte \u00fcber deine Lieblingsspiele!<\/p>\n","protected":false},"author":1,"featured_media":0,"parent":0,"menu_order":0,"comment_status":"closed","ping_status":"closed","template":"","meta":{"_acf_changed":false,"footnotes":""},"acf":[],"yoast_head":"<!-- This site is optimized with the Yoast SEO plugin v22.2 - https:\/\/yoast.com\/wordpress\/plugins\/seo\/ -->\n<title>Solitaire-Blog: Tipps, Studien &amp; Neuigkeiten \u2013 TheSolitaire<\/title>\n<meta name=\"description\" content=\"Bleib auf dem Laufenden mit den neuesten Tipps, Strategien und Nachrichten zu beliebten Kartenspielen wie Solitaire, Spider und FreeCell.\" \/>\n<meta name=\"robots\" content=\"index, follow, max-snippet:-1, max-image-preview:large, max-video-preview:-1\" \/>\n<link rel=\"canonical\" href=\"https:\/\/thesolitaire.com\/blog\/de\/\" \/>\n<meta property=\"og:locale\" content=\"de_DE\" \/>\n<meta property=\"og:type\" content=\"article\" \/>\n<meta property=\"og:title\" content=\"Solitaire-Blog: Tipps, Studien &amp; Neuigkeiten \u2013 TheSolitaire\" \/>\n<meta property=\"og:description\" content=\"Bleib auf dem Laufenden mit den neuesten Tipps, Strategien und Nachrichten zu beliebten Kartenspielen wie Solitaire, Spider und FreeCell.\" \/>\n<meta property=\"og:url\" content=\"https:\/\/thesolitaire.com\/blog\/de\/\" \/>\n<meta property=\"article:modified_time\" content=\"2026-04-02T01:36:22+00:00\" \/>\n<meta property=\"og:image\" content=\"https:\/\/new.thesolitaire.com\/blog\/wp-content\/uploads\/2024\/03\/ghost_1f47b-2.webp\" \/>\n<meta name=\"twitter:card\" content=\"summary_large_image\" \/>\n<script type=\"application\/ld+json\" class=\"yoast-schema-graph\">{\"@context\":\"https:\/\/schema.org\",\"@graph\":[{\"@type\":\"WebPage\",\"@id\":\"https:\/\/thesolitaire.com\/blog\/de\/\",\"url\":\"https:\/\/thesolitaire.com\/blog\/de\/\",\"name\":\"Solitaire-Blog: Tipps, Studien & Neuigkeiten \u2013 TheSolitaire\",\"isPartOf\":{\"@id\":\"https:\/\/thesolitaire.com\/blog\/de\/#website\"},\"primaryImageOfPage\":{\"@id\":\"https:\/\/thesolitaire.com\/blog\/de\/#primaryimage\"},\"image\":{\"@id\":\"https:\/\/thesolitaire.com\/blog\/de\/#primaryimage\"},\"thumbnailUrl\":\"https:\/\/new.thesolitaire.com\/blog\/wp-content\/uploads\/2024\/03\/ghost_1f47b-2.webp\",\"datePublished\":\"2024-03-18T01:41:29+00:00\",\"dateModified\":\"2026-04-02T01:36:22+00:00\",\"description\":\"Bleib auf dem Laufenden mit den neuesten Tipps, Strategien und Nachrichten zu beliebten Kartenspielen wie Solitaire, Spider und FreeCell.\",\"breadcrumb\":{\"@id\":\"https:\/\/thesolitaire.com\/blog\/de\/#breadcrumb\"},\"inLanguage\":\"de-DE\",\"potentialAction\":[{\"@type\":\"ReadAction\",\"target\":[\"https:\/\/thesolitaire.com\/blog\/de\/\"]}]},{\"@type\":\"ImageObject\",\"inLanguage\":\"de-DE\",\"@id\":\"https:\/\/thesolitaire.com\/blog\/de\/#primaryimage\",\"url\":\"https:\/\/thesolitaire.com\/blog\/wp-content\/uploads\/2024\/03\/ghost_1f47b-2.webp\",\"contentUrl\":\"https:\/\/thesolitaire.com\/blog\/wp-content\/uploads\/2024\/03\/ghost_1f47b-2.webp\",\"width\":51,\"height\":51},{\"@type\":\"BreadcrumbList\",\"@id\":\"https:\/\/thesolitaire.com\/blog\/de\/#breadcrumb\",\"itemListElement\":[{\"@type\":\"ListItem\",\"position\":1,\"name\":\"Home\",\"item\":\"https:\/\/thesolitaire.com\/blog\/de\/blog-main-page\/\"},{\"@type\":\"ListItem\",\"position\":2,\"name\":\"Blog Hauptseite\"}]},{\"@type\":\"WebSite\",\"@id\":\"https:\/\/thesolitaire.com\/blog\/de\/#website\",\"url\":\"https:\/\/thesolitaire.com\/blog\/de\/\",\"name\":\"\",\"description\":\"\",\"potentialAction\":[{\"@type\":\"SearchAction\",\"target\":{\"@type\":\"EntryPoint\",\"urlTemplate\":\"https:\/\/thesolitaire.com\/blog\/de\/?s={search_term_string}\"},\"query-input\":\"required name=search_term_string\"}],\"inLanguage\":\"de-DE\"}]}<\/script>\n<!-- \/ Yoast SEO plugin. -->","yoast_head_json":{"title":"Solitaire-Blog: Tipps, Studien & Neuigkeiten \u2013 TheSolitaire","description":"Bleib auf dem Laufenden mit den neuesten Tipps, Strategien und Nachrichten zu beliebten Kartenspielen wie Solitaire, Spider und FreeCell.","robots":{"index":"index","follow":"follow","max-snippet":"max-snippet:-1","max-image-preview":"max-image-preview:large","max-video-preview":"max-video-preview:-1"},"canonical":"https:\/\/thesolitaire.com\/blog\/de\/","og_locale":"de_DE","og_type":"article","og_title":"Solitaire-Blog: Tipps, Studien & Neuigkeiten \u2013 TheSolitaire","og_description":"Bleib auf dem Laufenden mit den neuesten Tipps, Strategien und Nachrichten zu beliebten Kartenspielen wie Solitaire, Spider und FreeCell.","og_url":"https:\/\/thesolitaire.com\/blog\/de\/","article_modified_time":"2026-04-02T01:36:22+00:00","og_image":[{"url":"https:\/\/new.thesolitaire.com\/blog\/wp-content\/uploads\/2024\/03\/ghost_1f47b-2.webp"}],"twitter_card":"summary_large_image","schema":{"@context":"https:\/\/schema.org","@graph":[{"@type":"WebPage","@id":"https:\/\/thesolitaire.com\/blog\/de\/","url":"https:\/\/thesolitaire.com\/blog\/de\/","name":"Solitaire-Blog: Tipps, Studien & Neuigkeiten \u2013 TheSolitaire","isPartOf":{"@id":"https:\/\/thesolitaire.com\/blog\/de\/#website"},"primaryImageOfPage":{"@id":"https:\/\/thesolitaire.com\/blog\/de\/#primaryimage"},"image":{"@id":"https:\/\/thesolitaire.com\/blog\/de\/#primaryimage"},"thumbnailUrl":"https:\/\/new.thesolitaire.com\/blog\/wp-content\/uploads\/2024\/03\/ghost_1f47b-2.webp","datePublished":"2024-03-18T01:41:29+00:00","dateModified":"2026-04-02T01:36:22+00:00","description":"Bleib auf dem Laufenden mit den neuesten Tipps, Strategien und Nachrichten zu beliebten Kartenspielen wie Solitaire, Spider und FreeCell.","breadcrumb":{"@id":"https:\/\/thesolitaire.com\/blog\/de\/#breadcrumb"},"inLanguage":"de-DE","potentialAction":[{"@type":"ReadAction","target":["https:\/\/thesolitaire.com\/blog\/de\/"]}]},{"@type":"ImageObject","inLanguage":"de-DE","@id":"https:\/\/thesolitaire.com\/blog\/de\/#primaryimage","url":"https:\/\/thesolitaire.com\/blog\/wp-content\/uploads\/2024\/03\/ghost_1f47b-2.webp","contentUrl":"https:\/\/thesolitaire.com\/blog\/wp-content\/uploads\/2024\/03\/ghost_1f47b-2.webp","width":51,"height":51},{"@type":"BreadcrumbList","@id":"https:\/\/thesolitaire.com\/blog\/de\/#breadcrumb","itemListElement":[{"@type":"ListItem","position":1,"name":"Home","item":"https:\/\/thesolitaire.com\/blog\/de\/blog-main-page\/"},{"@type":"ListItem","position":2,"name":"Blog Hauptseite"}]},{"@type":"WebSite","@id":"https:\/\/thesolitaire.com\/blog\/de\/#website","url":"https:\/\/thesolitaire.com\/blog\/de\/","name":"","description":"","potentialAction":[{"@type":"SearchAction","target":{"@type":"EntryPoint","urlTemplate":"https:\/\/thesolitaire.com\/blog\/de\/?s={search_term_string}"},"query-input":"required name=search_term_string"}],"inLanguage":"de-DE"}]}},"_links":{"self":[{"href":"https:\/\/thesolitaire.com\/blog\/de\/wp-json\/wp\/v2\/pages\/470"}],"collection":[{"href":"https:\/\/thesolitaire.com\/blog\/de\/wp-json\/wp\/v2\/pages"}],"about":[{"href":"https:\/\/thesolitaire.com\/blog\/de\/wp-json\/wp\/v2\/types\/page"}],"author":[{"embeddable":true,"href":"https:\/\/thesolitaire.com\/blog\/de\/wp-json\/wp\/v2\/users\/1"}],"replies":[{"embeddable":true,"href":"https:\/\/thesolitaire.com\/blog\/de\/wp-json\/wp\/v2\/comments?post=470"}],"version-history":[{"count":16,"href":"https:\/\/thesolitaire.com\/blog\/de\/wp-json\/wp\/v2\/pages\/470\/revisions"}],"predecessor-version":[{"id":10954,"href":"https:\/\/thesolitaire.com\/blog\/de\/wp-json\/wp\/v2\/pages\/470\/revisions\/10954"}],"wp:attachment":[{"href":"https:\/\/thesolitaire.com\/blog\/de\/wp-json\/wp\/v2\/media?parent=470"}],"curies":[{"name":"wp","href":"https:\/\/api.w.org\/{rel}","templated":true}]}}